{"id":1046,"date":"2024-06-04T08:34:31","date_gmt":"2024-06-04T08:34:31","guid":{"rendered":"https:\/\/anoro.design\/?page_id=1046"},"modified":"2024-10-28T09:11:54","modified_gmt":"2024-10-28T09:11:54","slug":"avis-legal","status":"publish","type":"page","link":"https:\/\/anoro.design\/ca\/avis-legal\/","title":{"rendered":"Av\u00eds legal"},"content":{"rendered":"<p>En compliment de la Llei 34\/2002, d&#8217;11 de juliol, de Serveis de la Societat de la Informaci\u00f3 i de Comer\u00e7 Electr\u00f2nic (LSSICE), s&#8217;informa que la titularitat del domini web <a href=\"https:\/\/anoro.design\/\" target=\"_new\" rel=\"noopener\">https:\/\/anoro.design\/<\/a> correspon a Hector Anoro Fern\u00e1ndez, amb NIF 38106906T, en endavant EL TITULAR.<\/p>\n<h2>Domicili social:<\/h2>\n<p>C\/ Cam\u00ed de Can Guineu, 18, L&#8217;Ametlla del Vall\u00e8s (Barcelona)<\/p>\n<h2>Contacte:<\/h2>\n<ul>\n<li>Correu electr\u00f2nic: <a rel=\"noopener\">hello@anoro.design<\/a><\/li>\n<li>Tel\u00e8fon: +34 609775829<\/li>\n<\/ul>\n<h2>Condicions d&#8217;\u00fas<\/h2>\n<p>L&#8217;acc\u00e9s a aquest lloc web \u00e9s gratu\u00eft i atribueix la condici\u00f3 d&#8217;USUARI a qui el realitza. L&#8217;USUARI assumeix la responsabilitat de l&#8217;\u00fas del lloc web. Aquesta responsabilitat inclou:<\/p>\n<ul>\n<li>L&#8217;\u00fas de la web, els seus serveis i continguts de forma l\u00edcita, honesta, responsable i conforme a la llei, la moral i les bones costums generalment acceptades.<\/li>\n<li>No utilitzar el lloc web amb fins o efectes il\u00b7l\u00edcits, contraris als drets i interessos de tercers, o que de qualsevol forma puguin danyar, inutilitzar, sobrecarregar, deteriorar o impedir el funcionament normal del lloc web, els seus equips inform\u00e0tics o els sistemes en qu\u00e8 estigui ubicat.<\/li>\n<li>No intentar accedir, utilitzar i\/o modificar informaci\u00f3 confidencial o sistemes de seguretat del lloc web sense l&#8217;autoritzaci\u00f3 expressa del TITULAR.<\/li>\n<li>No introduir ni difondre a la web virus inform\u00e0tics ni cap altre tipus de codi o programa que pugui danyar o alterar els sistemes inform\u00e0tics del TITULAR o de tercers.<\/li>\n<\/ul>\n<h2>Propietat intel\u00b7lectual i industrial<\/h2>\n<p>EL TITULAR \u00e9s titular de tots els drets de propietat intel\u00b7lectual i industrial sobre el lloc web, incloent-hi tots els seus elements (a t\u00edtol enunciatiu, imatges, marques, logotips, textos, etc.). L&#8217;USUARI no podr\u00e0 en cap cas utilitzar, sense autoritzaci\u00f3 expressa i per escrit del TITULAR, cap dels elements subjectes a propietat intel\u00b7lectual o industrial.<\/p>\n<h2>Exclusi\u00f3 de responsabilitat<\/h2>\n<p>EL TITULAR no es fa responsable dels danys i perjudicis que puguin derivar-se de l&#8217;acc\u00e9s, \u00fas o mal \u00fas del lloc web, incloent-hi, per\u00f2 no limitant-se a, els danys i perjudicis causats per:<\/p>\n<ul>\n<li>La pres\u00e8ncia de virus, cucs o qualsevol altre programa inform\u00e0tic nociu al lloc web.<\/li>\n<li>Els continguts i opinions emesos per tercers al lloc web.<\/li>\n<li>La manca de disponibilitat del lloc web o els errors en el funcionament d&#8217;aquest.<\/li>\n<li>La manca d&#8217;actualitzaci\u00f3 dels continguts del lloc web.<\/li>\n<\/ul>\n<h2>Enlla\u00e7os a altres llocs web<\/h2>\n<p>El lloc web pot contenir enlla\u00e7os a altres llocs web de tercers. EL TITULAR no es fa responsable del contingut, informaci\u00f3 o serveis prestats en aquests llocs web.<\/p>\n<h2>Modificaci\u00f3 i cancel\u00b7laci\u00f3 del lloc web<\/h2>\n<p>EL TITULAR es reserva el dret a modificar o cancel\u00b7lar el lloc web, o qualsevol dels seus serveis, en qualsevol moment i sense previ av\u00eds.<\/p>\n<h2>Llei aplicable i jurisdicci\u00f3<\/h2>\n<p>La relaci\u00f3 entre EL TITULAR i l&#8217;USUARI es regir\u00e0 per la legislaci\u00f3 espanyola vigent. En cas de qualsevol controv\u00e8rsia, les parts se sotmeten a la jurisdicci\u00f3 dels tribunals de la ciutat de Barcelona.<\/p>\n","protected":false},"excerpt":{"rendered":"<p>En compliment de la Llei 34\/2002, d&#8217;11 de juliol, de Serveis de la Societat de la Informaci\u00f3 i de Comer\u00e7 Electr\u00f2nic (LSSICE), s&#8217;informa que la titularitat del domini web https:\/\/anoro.design\/ correspon a Hector Anoro Fern\u00e1ndez, amb NIF 38106906T, en endavant EL TITULAR. Domicili social: C\/ Cam\u00ed de Can Guineu, 18, L&#8217;Ametlla del Vall\u00e8s (Barcelona) Contacte: [&hellip;]<\/p>\n","protected":false},"author":1,"featured_media":0,"parent":0,"menu_order":0,"comment_status":"closed","ping_status":"closed","template":"","meta":{"_acf_changed":false,"footnotes":""},"acf":[],"yoast_head":"<!-- This site is optimized with the Yoast SEO plugin v23.7 - https:\/\/yoast.com\/wordpress\/plugins\/seo\/ -->\n<title>Av\u00eds legal - Anoro Design<\/title>\n<meta name=\"robots\" content=\"index, follow, max-snippet:-1, max-image-preview:large, max-video-preview:-1\" \/>\n<link rel=\"canonical\" href=\"https:\/\/anoro.design\/ca\/avis-legal\/\" \/>\n<meta property=\"og:locale\" content=\"ca_ES\" \/>\n<meta property=\"og:type\" content=\"article\" \/>\n<meta property=\"og:title\" content=\"Av\u00eds legal - Anoro Design\" \/>\n<meta property=\"og:description\" content=\"En compliment de la Llei 34\/2002, d&#8217;11 de juliol, de Serveis de la Societat de la Informaci\u00f3 i de Comer\u00e7 Electr\u00f2nic (LSSICE), s&#8217;informa que la titularitat del domini web https:\/\/anoro.design\/ correspon a Hector Anoro Fern\u00e1ndez, amb NIF 38106906T, en endavant EL TITULAR. Domicili social: C\/ Cam\u00ed de Can Guineu, 18, L&#8217;Ametlla del Vall\u00e8s (Barcelona) Contacte: [&hellip;]\" \/>\n<meta property=\"og:url\" content=\"https:\/\/anoro.design\/ca\/avis-legal\/\" \/>\n<meta property=\"og:site_name\" content=\"Anoro Design\" \/>\n<meta property=\"article:modified_time\" content=\"2024-10-28T09:11:54+00:00\" \/>\n<meta name=\"twitter:card\" content=\"summary_large_image\" \/>\n<meta name=\"twitter:label1\" content=\"Temps estimat de lectura\" \/>\n\t<meta name=\"twitter:data1\" content=\"3 minuts\" \/>\n<script type=\"application\/ld+json\" class=\"yoast-schema-graph\">{\"@context\":\"https:\/\/schema.org\",\"@graph\":[{\"@type\":\"WebPage\",\"@id\":\"https:\/\/anoro.design\/ca\/avis-legal\/\",\"url\":\"https:\/\/anoro.design\/ca\/avis-legal\/\",\"name\":\"Av\u00eds legal - Anoro Design\",\"isPartOf\":{\"@id\":\"https:\/\/anoro.design\/#website\"},\"datePublished\":\"2024-06-04T08:34:31+00:00\",\"dateModified\":\"2024-10-28T09:11:54+00:00\",\"breadcrumb\":{\"@id\":\"https:\/\/anoro.design\/ca\/avis-legal\/#breadcrumb\"},\"inLanguage\":\"ca\",\"potentialAction\":[{\"@type\":\"ReadAction\",\"target\":[\"https:\/\/anoro.design\/ca\/avis-legal\/\"]}]},{\"@type\":\"BreadcrumbList\",\"@id\":\"https:\/\/anoro.design\/ca\/avis-legal\/#breadcrumb\",\"itemListElement\":[{\"@type\":\"ListItem\",\"position\":1,\"name\":\"Portada\",\"item\":\"https:\/\/anoro.design\/\"},{\"@type\":\"ListItem\",\"position\":2,\"name\":\"Av\u00eds legal\"}]},{\"@type\":\"WebSite\",\"@id\":\"https:\/\/anoro.design\/#website\",\"url\":\"https:\/\/anoro.design\/\",\"name\":\"Anoro Design\",\"description\":\"Disseny i Creativitat amb materials\",\"potentialAction\":[{\"@type\":\"SearchAction\",\"target\":{\"@type\":\"EntryPoint\",\"urlTemplate\":\"https:\/\/anoro.design\/?s={search_term_string}\"},\"query-input\":{\"@type\":\"PropertyValueSpecification\",\"valueRequired\":true,\"valueName\":\"search_term_string\"}}],\"inLanguage\":\"ca\"}]}<\/script>\n<!-- \/ Yoast SEO plugin. -->","yoast_head_json":{"title":"Av\u00eds legal - Anoro Design","robots":{"index":"index","follow":"follow","max-snippet":"max-snippet:-1","max-image-preview":"max-image-preview:large","max-video-preview":"max-video-preview:-1"},"canonical":"https:\/\/anoro.design\/ca\/avis-legal\/","og_locale":"ca_ES","og_type":"article","og_title":"Av\u00eds legal - Anoro Design","og_description":"En compliment de la Llei 34\/2002, d&#8217;11 de juliol, de Serveis de la Societat de la Informaci\u00f3 i de Comer\u00e7 Electr\u00f2nic (LSSICE), s&#8217;informa que la titularitat del domini web https:\/\/anoro.design\/ correspon a Hector Anoro Fern\u00e1ndez, amb NIF 38106906T, en endavant EL TITULAR. Domicili social: C\/ Cam\u00ed de Can Guineu, 18, L&#8217;Ametlla del Vall\u00e8s (Barcelona) Contacte: [&hellip;]","og_url":"https:\/\/anoro.design\/ca\/avis-legal\/","og_site_name":"Anoro Design","article_modified_time":"2024-10-28T09:11:54+00:00","twitter_card":"summary_large_image","twitter_misc":{"Temps estimat de lectura":"3 minuts"},"schema":{"@context":"https:\/\/schema.org","@graph":[{"@type":"WebPage","@id":"https:\/\/anoro.design\/ca\/avis-legal\/","url":"https:\/\/anoro.design\/ca\/avis-legal\/","name":"Av\u00eds legal - Anoro Design","isPartOf":{"@id":"https:\/\/anoro.design\/#website"},"datePublished":"2024-06-04T08:34:31+00:00","dateModified":"2024-10-28T09:11:54+00:00","breadcrumb":{"@id":"https:\/\/anoro.design\/ca\/avis-legal\/#breadcrumb"},"inLanguage":"ca","potentialAction":[{"@type":"ReadAction","target":["https:\/\/anoro.design\/ca\/avis-legal\/"]}]},{"@type":"BreadcrumbList","@id":"https:\/\/anoro.design\/ca\/avis-legal\/#breadcrumb","itemListElement":[{"@type":"ListItem","position":1,"name":"Portada","item":"https:\/\/anoro.design\/"},{"@type":"ListItem","position":2,"name":"Av\u00eds legal"}]},{"@type":"WebSite","@id":"https:\/\/anoro.design\/#website","url":"https:\/\/anoro.design\/","name":"Anoro Design","description":"Disseny i Creativitat amb materials","potentialAction":[{"@type":"SearchAction","target":{"@type":"EntryPoint","urlTemplate":"https:\/\/anoro.design\/?s={search_term_string}"},"query-input":{"@type":"PropertyValueSpecification","valueRequired":true,"valueName":"search_term_string"}}],"inLanguage":"ca"}]}},"_links":{"self":[{"href":"https:\/\/anoro.design\/ca\/wp-json\/wp\/v2\/pages\/1046"}],"collection":[{"href":"https:\/\/anoro.design\/ca\/wp-json\/wp\/v2\/pages"}],"about":[{"href":"https:\/\/anoro.design\/ca\/wp-json\/wp\/v2\/types\/page"}],"author":[{"embeddable":true,"href":"https:\/\/anoro.design\/ca\/wp-json\/wp\/v2\/users\/1"}],"replies":[{"embeddable":true,"href":"https:\/\/anoro.design\/ca\/wp-json\/wp\/v2\/comments?post=1046"}],"version-history":[{"count":8,"href":"https:\/\/anoro.design\/ca\/wp-json\/wp\/v2\/pages\/1046\/revisions"}],"predecessor-version":[{"id":1140,"href":"https:\/\/anoro.design\/ca\/wp-json\/wp\/v2\/pages\/1046\/revisions\/1140"}],"wp:attachment":[{"href":"https:\/\/anoro.design\/ca\/wp-json\/wp\/v2\/media?parent=1046"}],"curies":[{"name":"wp","href":"https:\/\/api.w.org\/{rel}","templated":true}]}}