{"id":1090,"date":"2024-06-07T08:08:55","date_gmt":"2024-06-07T08:08:55","guid":{"rendered":"https:\/\/anoro.design\/?page_id=1090"},"modified":"2024-10-28T08:27:28","modified_gmt":"2024-10-28T08:27:28","slug":"arnau-anoro-fita","status":"publish","type":"page","link":"https:\/\/anoro.design\/ca\/arnau-anoro-fita\/","title":{"rendered":"ARNAU ANORO FITA"},"content":{"rendered":"<h2>Artista disciplinat. Creatiu de vocaci\u00f3.<\/h2>\n<p>H\u00e0bil treballant amb els materials que conec i apassionat per trobar-ne d&#8217;altres de nous per aprendre a manipular-los. La meva passi\u00f3 \u00e9s desenvolupar peces \u00faniques que no nom\u00e9s siguin disseny, sin\u00f3 que sorgeixin d\u2019una idea primig\u00e8nia, que ens porti a entendre el perqu\u00e8 de la pe\u00e7a en si. I que m\u2019agradi, que m\u2019agradi molt. Nom\u00e9s aleshores voldr\u00e9 mostrar-la, presentar-la, fer-la brillar.<\/p>\n<p><strong>Benvinguts al meu rac\u00f3 online de creaci\u00f3, benvingudes.<\/strong><\/p>\n<p style=\"text-align: left;\">hola@arnauanoro.design<br \/>\n671420536<\/p>\n","protected":false},"excerpt":{"rendered":"<p>Artista disciplinat. Creatiu de vocaci\u00f3. H\u00e0bil treballant amb els materials que conec i apassionat per trobar-ne d&#8217;altres de nous per aprendre a manipular-los. La meva passi\u00f3 \u00e9s desenvolupar peces \u00faniques que no nom\u00e9s siguin disseny, sin\u00f3 que sorgeixin d\u2019una idea primig\u00e8nia, que ens porti a entendre el perqu\u00e8 de la pe\u00e7a en si. I que [&hellip;]<\/p>\n","protected":false},"author":1,"featured_media":1101,"parent":0,"menu_order":0,"comment_status":"closed","ping_status":"closed","template":"","meta":{"_acf_changed":false,"footnotes":""},"acf":[],"yoast_head":"<!-- This site is optimized with the Yoast SEO plugin v23.7 - https:\/\/yoast.com\/wordpress\/plugins\/seo\/ -->\n<title>ARNAU ANORO FITA - Anoro Design<\/title>\n<meta name=\"robots\" content=\"index, follow, max-snippet:-1, max-image-preview:large, max-video-preview:-1\" \/>\n<link rel=\"canonical\" href=\"https:\/\/anoro.design\/ca\/arnau-anoro-fita\/\" \/>\n<meta property=\"og:locale\" content=\"ca_ES\" \/>\n<meta property=\"og:type\" content=\"article\" \/>\n<meta property=\"og:title\" content=\"ARNAU ANORO FITA - Anoro Design\" \/>\n<meta property=\"og:description\" content=\"Artista disciplinat. Creatiu de vocaci\u00f3. H\u00e0bil treballant amb els materials que conec i apassionat per trobar-ne d&#8217;altres de nous per aprendre a manipular-los. La meva passi\u00f3 \u00e9s desenvolupar peces \u00faniques que no nom\u00e9s siguin disseny, sin\u00f3 que sorgeixin d\u2019una idea primig\u00e8nia, que ens porti a entendre el perqu\u00e8 de la pe\u00e7a en si. I que [&hellip;]\" \/>\n<meta property=\"og:url\" content=\"https:\/\/anoro.design\/ca\/arnau-anoro-fita\/\" \/>\n<meta property=\"og:site_name\" content=\"Anoro Design\" \/>\n<meta property=\"article:modified_time\" content=\"2024-10-28T08:27:28+00:00\" \/>\n<meta property=\"og:image\" content=\"https:\/\/anoro.design\/wp-content\/uploads\/2024\/06\/Scaffold-by-Arnau-Anoro-by-Uxio-da-Vila_5-1-e1717749859554.jpg\" \/>\n\t<meta property=\"og:image:width\" content=\"1500\" \/>\n\t<meta property=\"og:image:height\" content=\"615\" \/>\n\t<meta property=\"og:image:type\" content=\"image\/jpeg\" \/>\n<meta name=\"twitter:card\" content=\"summary_large_image\" \/>\n<meta name=\"twitter:label1\" content=\"Temps estimat de lectura\" \/>\n\t<meta name=\"twitter:data1\" content=\"1 minut\" \/>\n<script type=\"application\/ld+json\" class=\"yoast-schema-graph\">{\"@context\":\"https:\/\/schema.org\",\"@graph\":[{\"@type\":\"WebPage\",\"@id\":\"https:\/\/anoro.design\/ca\/arnau-anoro-fita\/\",\"url\":\"https:\/\/anoro.design\/ca\/arnau-anoro-fita\/\",\"name\":\"ARNAU ANORO FITA - Anoro Design\",\"isPartOf\":{\"@id\":\"https:\/\/anoro.design\/#website\"},\"primaryImageOfPage\":{\"@id\":\"https:\/\/anoro.design\/ca\/arnau-anoro-fita\/#primaryimage\"},\"image\":{\"@id\":\"https:\/\/anoro.design\/ca\/arnau-anoro-fita\/#primaryimage\"},\"thumbnailUrl\":\"https:\/\/anoro.design\/wp-content\/uploads\/2024\/06\/Scaffold-by-Arnau-Anoro-by-Uxio-da-Vila_5-1-e1717749859554.jpg\",\"datePublished\":\"2024-06-07T08:08:55+00:00\",\"dateModified\":\"2024-10-28T08:27:28+00:00\",\"breadcrumb\":{\"@id\":\"https:\/\/anoro.design\/ca\/arnau-anoro-fita\/#breadcrumb\"},\"inLanguage\":\"ca\",\"potentialAction\":[{\"@type\":\"ReadAction\",\"target\":[\"https:\/\/anoro.design\/ca\/arnau-anoro-fita\/\"]}]},{\"@type\":\"ImageObject\",\"inLanguage\":\"ca\",\"@id\":\"https:\/\/anoro.design\/ca\/arnau-anoro-fita\/#primaryimage\",\"url\":\"https:\/\/anoro.design\/wp-content\/uploads\/2024\/06\/Scaffold-by-Arnau-Anoro-by-Uxio-da-Vila_5-1-e1717749859554.jpg\",\"contentUrl\":\"https:\/\/anoro.design\/wp-content\/uploads\/2024\/06\/Scaffold-by-Arnau-Anoro-by-Uxio-da-Vila_5-1-e1717749859554.jpg\",\"width\":1500,\"height\":615},{\"@type\":\"BreadcrumbList\",\"@id\":\"https:\/\/anoro.design\/ca\/arnau-anoro-fita\/#breadcrumb\",\"itemListElement\":[{\"@type\":\"ListItem\",\"position\":1,\"name\":\"Portada\",\"item\":\"https:\/\/anoro.design\/\"},{\"@type\":\"ListItem\",\"position\":2,\"name\":\"ARNAU ANORO FITA\"}]},{\"@type\":\"WebSite\",\"@id\":\"https:\/\/anoro.design\/#website\",\"url\":\"https:\/\/anoro.design\/\",\"name\":\"Anoro Design\",\"description\":\"Disseny i Creativitat amb materials\",\"potentialAction\":[{\"@type\":\"SearchAction\",\"target\":{\"@type\":\"EntryPoint\",\"urlTemplate\":\"https:\/\/anoro.design\/?s={search_term_string}\"},\"query-input\":{\"@type\":\"PropertyValueSpecification\",\"valueRequired\":true,\"valueName\":\"search_term_string\"}}],\"inLanguage\":\"ca\"}]}<\/script>\n<!-- \/ Yoast SEO plugin. -->","yoast_head_json":{"title":"ARNAU ANORO FITA - Anoro Design","robots":{"index":"index","follow":"follow","max-snippet":"max-snippet:-1","max-image-preview":"max-image-preview:large","max-video-preview":"max-video-preview:-1"},"canonical":"https:\/\/anoro.design\/ca\/arnau-anoro-fita\/","og_locale":"ca_ES","og_type":"article","og_title":"ARNAU ANORO FITA - Anoro Design","og_description":"Artista disciplinat. Creatiu de vocaci\u00f3. H\u00e0bil treballant amb els materials que conec i apassionat per trobar-ne d&#8217;altres de nous per aprendre a manipular-los. La meva passi\u00f3 \u00e9s desenvolupar peces \u00faniques que no nom\u00e9s siguin disseny, sin\u00f3 que sorgeixin d\u2019una idea primig\u00e8nia, que ens porti a entendre el perqu\u00e8 de la pe\u00e7a en si. I que [&hellip;]","og_url":"https:\/\/anoro.design\/ca\/arnau-anoro-fita\/","og_site_name":"Anoro Design","article_modified_time":"2024-10-28T08:27:28+00:00","og_image":[{"width":1500,"height":615,"url":"https:\/\/anoro.design\/wp-content\/uploads\/2024\/06\/Scaffold-by-Arnau-Anoro-by-Uxio-da-Vila_5-1-e1717749859554.jpg","type":"image\/jpeg"}],"twitter_card":"summary_large_image","twitter_misc":{"Temps estimat de lectura":"1 minut"},"schema":{"@context":"https:\/\/schema.org","@graph":[{"@type":"WebPage","@id":"https:\/\/anoro.design\/ca\/arnau-anoro-fita\/","url":"https:\/\/anoro.design\/ca\/arnau-anoro-fita\/","name":"ARNAU ANORO FITA - Anoro Design","isPartOf":{"@id":"https:\/\/anoro.design\/#website"},"primaryImageOfPage":{"@id":"https:\/\/anoro.design\/ca\/arnau-anoro-fita\/#primaryimage"},"image":{"@id":"https:\/\/anoro.design\/ca\/arnau-anoro-fita\/#primaryimage"},"thumbnailUrl":"https:\/\/anoro.design\/wp-content\/uploads\/2024\/06\/Scaffold-by-Arnau-Anoro-by-Uxio-da-Vila_5-1-e1717749859554.jpg","datePublished":"2024-06-07T08:08:55+00:00","dateModified":"2024-10-28T08:27:28+00:00","breadcrumb":{"@id":"https:\/\/anoro.design\/ca\/arnau-anoro-fita\/#breadcrumb"},"inLanguage":"ca","potentialAction":[{"@type":"ReadAction","target":["https:\/\/anoro.design\/ca\/arnau-anoro-fita\/"]}]},{"@type":"ImageObject","inLanguage":"ca","@id":"https:\/\/anoro.design\/ca\/arnau-anoro-fita\/#primaryimage","url":"https:\/\/anoro.design\/wp-content\/uploads\/2024\/06\/Scaffold-by-Arnau-Anoro-by-Uxio-da-Vila_5-1-e1717749859554.jpg","contentUrl":"https:\/\/anoro.design\/wp-content\/uploads\/2024\/06\/Scaffold-by-Arnau-Anoro-by-Uxio-da-Vila_5-1-e1717749859554.jpg","width":1500,"height":615},{"@type":"BreadcrumbList","@id":"https:\/\/anoro.design\/ca\/arnau-anoro-fita\/#breadcrumb","itemListElement":[{"@type":"ListItem","position":1,"name":"Portada","item":"https:\/\/anoro.design\/"},{"@type":"ListItem","position":2,"name":"ARNAU ANORO FITA"}]},{"@type":"WebSite","@id":"https:\/\/anoro.design\/#website","url":"https:\/\/anoro.design\/","name":"Anoro Design","description":"Disseny i Creativitat amb materials","potentialAction":[{"@type":"SearchAction","target":{"@type":"EntryPoint","urlTemplate":"https:\/\/anoro.design\/?s={search_term_string}"},"query-input":{"@type":"PropertyValueSpecification","valueRequired":true,"valueName":"search_term_string"}}],"inLanguage":"ca"}]}},"_links":{"self":[{"href":"https:\/\/anoro.design\/ca\/wp-json\/wp\/v2\/pages\/1090"}],"collection":[{"href":"https:\/\/anoro.design\/ca\/wp-json\/wp\/v2\/pages"}],"about":[{"href":"https:\/\/anoro.design\/ca\/wp-json\/wp\/v2\/types\/page"}],"author":[{"embeddable":true,"href":"https:\/\/anoro.design\/ca\/wp-json\/wp\/v2\/users\/1"}],"replies":[{"embeddable":true,"href":"https:\/\/anoro.design\/ca\/wp-json\/wp\/v2\/comments?post=1090"}],"version-history":[{"count":14,"href":"https:\/\/anoro.design\/ca\/wp-json\/wp\/v2\/pages\/1090\/revisions"}],"predecessor-version":[{"id":1139,"href":"https:\/\/anoro.design\/ca\/wp-json\/wp\/v2\/pages\/1090\/revisions\/1139"}],"wp:featuredmedia":[{"embeddable":true,"href":"https:\/\/anoro.design\/ca\/wp-json\/wp\/v2\/media\/1101"}],"wp:attachment":[{"href":"https:\/\/anoro.design\/ca\/wp-json\/wp\/v2\/media?parent=1090"}],"curies":[{"name":"wp","href":"https:\/\/api.w.org\/{rel}","templated":true}]}}